{"id":1771,"date":"2021-06-14T10:43:38","date_gmt":"2021-06-14T13:43:38","guid":{"rendered":"https:\/\/capeladesantana.com\/?page_id=1771"},"modified":"2023-01-04T13:51:46","modified_gmt":"2023-01-04T16:51:46","slug":"colheita-e-producao","status":"publish","type":"page","link":"https:\/\/capeladesantana.com\/index.php\/azeite\/colheita-e-producao\/","title":{"rendered":"Colheita e Produ\u00e7\u00e3o"},"content":{"rendered":"<p>[et_pb_section bb_built=&#8221;1&#8243; _builder_version=&#8221;4.9.6&#8243; _module_preset=&#8221;default&#8221; background_image=&#8221;https:\/\/capeladesantana.com\/wp-content\/uploads\/2021\/04\/032.jpg&#8221; custom_margin=&#8221;||0px||false|false&#8221; custom_padding=&#8221;||0px||false|false&#8221; hover_enabled=&#8221;0&#8243; sticky_enabled=&#8221;0&#8243; box_shadow_horizontal_tablet=&#8221;0px&#8221; box_shadow_vertical_tablet=&#8221;0px&#8221; box_shadow_blur_tablet=&#8221;40px&#8221; box_shadow_spread_tablet=&#8221;0px&#8221; vertical_offset_tablet=&#8221;0&#8243; horizontal_offset_tablet=&#8221;0&#8243; next_background_color=&#8221;#ffffff&#8221;][et_pb_row make_equal=&#8221;on&#8221; _builder_version=&#8221;4.6.1&#8243; _module_preset=&#8221;default&#8221; min_height=&#8221;380px&#8221; custom_margin=&#8221;||0px||false|false&#8221; custom_padding=&#8221;||0px||false|false&#8221; custom_css_main_element=&#8221;align-items:flex-end;&#8221;][et_pb_column type=&#8221;4_4&#8243; _builder_version=&#8221;4.6.1&#8243; _module_preset=&#8221;default&#8221;][et_pb_post_title meta=&#8221;off&#8221; featured_image=&#8221;off&#8221; text_color=&#8221;light&#8221; _builder_version=&#8221;4.6.5&#8243; _module_preset=&#8221;default&#8221; title_font=&#8221;|300||on|||||&#8221; title_font_size=&#8221;100px&#8221; position_origin_a=&#8221;bottom_left&#8221; position_origin_f=&#8221;bottom_left&#8221; width=&#8221;100%&#8221; custom_margin=&#8221;||0px||false|false&#8221; custom_padding=&#8221;||0px||false|false&#8221; title_text_shadow_style=&#8221;preset2&#8243; \/][\/et_pb_column][\/et_pb_row][\/et_pb_section][et_pb_section bb_built=&#8221;1&#8243; fullwidth=&#8221;off&#8221; specialty=&#8221;off&#8221; prev_background_color=&#8221;#000000&#8243; inner_width=&#8221;auto&#8221; inner_max_width=&#8221;1080px&#8221;][et_pb_row _builder_version=&#8221;4.9.6&#8243;][et_pb_column type=&#8221;4_4&#8243; custom_padding__hover=&#8221;|||&#8221; custom_padding=&#8221;|||&#8221;][et_pb_text _builder_version=&#8221;4.14.4&#8243; text_text_shadow_horizontal_length=&#8221;text_text_shadow_style,%91object Object%93&#8243; text_text_shadow_horizontal_length_tablet=&#8221;0px&#8221; text_text_shadow_vertical_length=&#8221;text_text_shadow_style,%91object Object%93&#8243; text_text_shadow_vertical_length_tablet=&#8221;0px&#8221; text_text_shadow_blur_strength=&#8221;text_text_shadow_style,%91object Object%93&#8243; text_text_shadow_blur_strength_tablet=&#8221;1px&#8221; link_text_shadow_horizontal_length=&#8221;link_text_shadow_style,%91object Object%93&#8243; link_text_shadow_horizontal_length_tablet=&#8221;0px&#8221; link_text_shadow_vertical_length=&#8221;link_text_shadow_style,%91object Object%93&#8243; link_text_shadow_vertical_length_tablet=&#8221;0px&#8221; link_text_shadow_blur_strength=&#8221;link_text_shadow_style,%91object Object%93&#8243; link_text_shadow_blur_strength_tablet=&#8221;1px&#8221; ul_text_shadow_horizontal_length=&#8221;ul_text_shadow_style,%91object Object%93&#8243; ul_text_shadow_horizontal_length_tablet=&#8221;0px&#8221; ul_text_shadow_vertical_length=&#8221;ul_text_shadow_style,%91object Object%93&#8243; ul_text_shadow_vertical_length_tablet=&#8221;0px&#8221; ul_text_shadow_blur_strength=&#8221;ul_text_shadow_style,%91object Object%93&#8243; ul_text_shadow_blur_strength_tablet=&#8221;1px&#8221; ol_text_shadow_horizontal_length=&#8221;ol_text_shadow_style,%91object Object%93&#8243; ol_text_shadow_horizontal_length_tablet=&#8221;0px&#8221; ol_text_shadow_vertical_length=&#8221;ol_text_shadow_style,%91object Object%93&#8243; ol_text_shadow_vertical_length_tablet=&#8221;0px&#8221; ol_text_shadow_blur_strength=&#8221;ol_text_shadow_style,%91object Object%93&#8243; ol_text_shadow_blur_strength_tablet=&#8221;1px&#8221; quote_text_shadow_horizontal_length=&#8221;quote_text_shadow_style,%91object Object%93&#8243; quote_text_shadow_horizontal_length_tablet=&#8221;0px&#8221; quote_text_shadow_vertical_length=&#8221;quote_text_shadow_style,%91object Object%93&#8243; quote_text_shadow_vertical_length_tablet=&#8221;0px&#8221; quote_text_shadow_blur_strength=&#8221;quote_text_shadow_style,%91object Object%93&#8243; quote_text_shadow_blur_strength_tablet=&#8221;1px&#8221; header_text_shadow_horizontal_length=&#8221;header_text_shadow_style,%91object Object%93&#8243; header_text_shadow_horizontal_length_tablet=&#8221;0px&#8221; header_text_shadow_vertical_length=&#8221;header_text_shadow_style,%91object Object%93&#8243; header_text_shadow_vertical_length_tablet=&#8221;0px&#8221; header_text_shadow_blur_strength=&#8221;header_text_shadow_style,%91object Object%93&#8243; header_text_shadow_blur_strength_tablet=&#8221;1px&#8221; header_2_text_shadow_horizontal_length=&#8221;header_2_text_shadow_style,%91object Object%93&#8243; header_2_text_shadow_horizontal_length_tablet=&#8221;0px&#8221; header_2_text_shadow_vertical_length=&#8221;header_2_text_shadow_style,%91object Object%93&#8243; header_2_text_shadow_vertical_length_tablet=&#8221;0px&#8221; header_2_text_shadow_blur_strength=&#8221;header_2_text_shadow_style,%91object Object%93&#8243; header_2_text_shadow_blur_strength_tablet=&#8221;1px&#8221; header_3_text_shadow_horizontal_length=&#8221;header_3_text_shadow_style,%91object Object%93&#8243; header_3_text_shadow_horizontal_length_tablet=&#8221;0px&#8221; header_3_text_shadow_vertical_length=&#8221;header_3_text_shadow_style,%91object Object%93&#8243; header_3_text_shadow_vertical_length_tablet=&#8221;0px&#8221; header_3_text_shadow_blur_strength=&#8221;header_3_text_shadow_style,%91object Object%93&#8243; header_3_text_shadow_blur_strength_tablet=&#8221;1px&#8221; header_4_text_shadow_horizontal_length=&#8221;header_4_text_shadow_style,%91object Object%93&#8243; header_4_text_shadow_horizontal_length_tablet=&#8221;0px&#8221; header_4_text_shadow_vertical_length=&#8221;header_4_text_shadow_style,%91object Object%93&#8243; header_4_text_shadow_vertical_length_tablet=&#8221;0px&#8221; header_4_text_shadow_blur_strength=&#8221;header_4_text_shadow_style,%91object Object%93&#8243; header_4_text_shadow_blur_strength_tablet=&#8221;1px&#8221; header_5_text_shadow_horizontal_length=&#8221;header_5_text_shadow_style,%91object Object%93&#8243; header_5_text_shadow_horizontal_length_tablet=&#8221;0px&#8221; header_5_text_shadow_vertical_length=&#8221;header_5_text_shadow_style,%91object Object%93&#8243; header_5_text_shadow_vertical_length_tablet=&#8221;0px&#8221; header_5_text_shadow_blur_strength=&#8221;header_5_text_shadow_style,%91object Object%93&#8243; header_5_text_shadow_blur_strength_tablet=&#8221;1px&#8221; header_6_text_shadow_horizontal_length=&#8221;header_6_text_shadow_style,%91object Object%93&#8243; header_6_text_shadow_horizontal_length_tablet=&#8221;0px&#8221; header_6_text_shadow_vertical_length=&#8221;header_6_text_shadow_style,%91object Object%93&#8243; header_6_text_shadow_vertical_length_tablet=&#8221;0px&#8221; header_6_text_shadow_blur_strength=&#8221;header_6_text_shadow_style,%91object Object%93&#8243; header_6_text_shadow_blur_strength_tablet=&#8221;1px&#8221; box_shadow_horizontal_tablet=&#8221;0px&#8221; box_shadow_vertical_tablet=&#8221;0px&#8221; box_shadow_blur_tablet=&#8221;40px&#8221; box_shadow_spread_tablet=&#8221;0px&#8221; vertical_offset_tablet=&#8221;0&#8243; horizontal_offset_tablet=&#8221;0&#8243; z_index_tablet=&#8221;0&#8243; text_orientation=&#8221;justified&#8221;]<\/p>\n<p>A colheita \u00e9 uma festa para a fam\u00edlia Garbin Obino. Durante quinze dias, os prazos processuais, as aulas dos filhos, o Carnaval, e a administra\u00e7\u00e3o do haras ficam em segundo plano. No m\u00eas de fevereiro, conforme as frutas iniciam o processo de amadurecimento, o despertar \u00e9 antes das cinco horas, tendo Merc\u00fario e V\u00eanus por testemunha. Mesmo antes do sol nascer a leste, os sombrites j\u00e1 est\u00e3o esticados abaixo das oliveiras.<\/p>\n<p><img loading=\"lazy\" class=\"alignleft size-medium wp-image-1730\" src=\"https:\/\/capeladesantana.com\/wp-content\/uploads\/2021\/06\/PHOTO-2021-06-07-16-41-48-Copy-4-225x300.jpg\" alt=\"\" width=\"225\" height=\"300\" \/>Um grupo de cerca de dez trabalhadores se soma a fam\u00edlia e aos amigos para a colheita que \u00e9 manual. Pentes, luvas e escadas s\u00e3o os instrumentos de trabalho e quando as \u00e1rvores est\u00e3o muito altas, derri\u00e7adeiras importadas da Gr\u00e9cia auxiliam nos trabalhos. As folhas s\u00e3o separadas, os frutos que caem fora do sombrite descartados, e as frutas selecionadas (ainda verdes para garantir o amargor e a pic\u00e2ncia) s\u00e3o armazenadas em caixas no meio da mata virgem que margeia o pomar, bem longe do sol.<\/p>\n<p>No meio da tarde as azeitonas colhidas (entre meia e uma tonelada por dia) s\u00e3o entregues no parceiro que imediatamente inicia o processo de extra\u00e7\u00e3o. No m\u00e1ximo doze horas depois de colhidas, as azeitonas s\u00e3o transformadas no ouro l\u00edquido que \u00e9 o azeite de oliva extravirgem. Cada tonelada de azeitona garante um pouco mais de 100 litros de um azeite que tem como \u00fanico compromisso o frescor, o amargor e a pic\u00e2ncia. O processo de extra\u00e7\u00e3o \u00e9 pelo m\u00e9todo de ciclo cont\u00ednuo de duas fases.<\/p>\n<p><img loading=\"lazy\" class=\"size-medium wp-image-1732 alignright\" src=\"https:\/\/capeladesantana.com\/wp-content\/uploads\/2021\/06\/PHOTO-2021-06-07-16-41-48-Copy-300x225.jpg\" alt=\"\" width=\"300\" height=\"225\" \/>O azeite Capela de Santana \u00e9 produzido sem a preocupa\u00e7\u00e3o com o mercado. O processo de colheita respeita todos os procedimentos para garantir um produto de alta qualidade, com cuidados particulares, e que s\u00e3o pr\u00f3prios da paix\u00e3o pela atividade (azienda del cuore, para os italianos).\u00a0 Produzimos o azeite que sempre desejamos consumir. As azeitonas s\u00e3o colhidas verdes, as que n\u00e3o est\u00e3o perfeitas n\u00e3o v\u00e3o para a ind\u00fastria, porque n\u00e3o buscamos volume, nem lucro. S\u00e3o pequenas partilhas para uma reserva familiar. A produ\u00e7\u00e3o excedente \u00e9 comercializada atrav\u00e9s de venda direta e em emp\u00f3rios selecionados. Quem quer um azeite neutro, sem amargor e pic\u00e2ncia, n\u00e3o deve provar um Capela de Santana. O Capela \u00e9 para poucos. \u00c9 para quem quer o azeite extravirgem como protagonista.<\/p>\n<p>[\/et_pb_text][\/et_pb_column][\/et_pb_row][\/et_pb_section]<\/p>\n","protected":false},"excerpt":{"rendered":"<p>A colheita \u00e9 uma festa para a fam\u00edlia Garbin Obino. Durante quinze dias, os prazos processuais, as aulas dos filhos, o Carnaval, e a administra\u00e7\u00e3o do haras ficam em segundo plano. No m\u00eas de fevereiro, conforme as frutas iniciam o processo de amadurecimento, o despertar \u00e9 antes das cinco horas, tendo Merc\u00fario e V\u00eanus por [&hellip;]<\/p>\n","protected":false},"author":1,"featured_media":0,"parent":683,"menu_order":0,"comment_status":"closed","ping_status":"closed","template":"","meta":{"_et_pb_use_builder":"on","_et_pb_old_content":"","_et_gb_content_width":""},"_links":{"self":[{"href":"https:\/\/capeladesantana.com\/index.php\/wp-json\/wp\/v2\/pages\/1771"}],"collection":[{"href":"https:\/\/capeladesantana.com\/index.php\/wp-json\/wp\/v2\/pages"}],"about":[{"href":"https:\/\/capeladesantana.com\/index.php\/wp-json\/wp\/v2\/types\/page"}],"author":[{"embeddable":true,"href":"https:\/\/capeladesantana.com\/index.php\/wp-json\/wp\/v2\/users\/1"}],"replies":[{"embeddable":true,"href":"https:\/\/capeladesantana.com\/index.php\/wp-json\/wp\/v2\/comments?post=1771"}],"version-history":[{"count":6,"href":"https:\/\/capeladesantana.com\/index.php\/wp-json\/wp\/v2\/pages\/1771\/revisions"}],"predecessor-version":[{"id":2567,"href":"https:\/\/capeladesantana.com\/index.php\/wp-json\/wp\/v2\/pages\/1771\/revisions\/2567"}],"up":[{"embeddable":true,"href":"https:\/\/capeladesantana.com\/index.php\/wp-json\/wp\/v2\/pages\/683"}],"wp:attachment":[{"href":"https:\/\/capeladesantana.com\/index.php\/wp-json\/wp\/v2\/media?parent=1771"}],"curies":[{"name":"wp","href":"https:\/\/api.w.org\/{rel}","templated":true}]}}